{"id":945,"date":"2023-10-12T20:06:35","date_gmt":"2023-10-12T20:06:35","guid":{"rendered":"https:\/\/kuhpension-schoenau.ch\/?page_id=945"},"modified":"2023-10-13T12:14:30","modified_gmt":"2023-10-13T12:14:30","slug":"erinnerungsbilder","status":"publish","type":"page","link":"https:\/\/kuhpension-schoenau.ch\/index.php\/erinnerungsbilder\/","title":{"rendered":"Erinnerungsbilder"},"content":{"rendered":"<p>Auf dieser Seite k\u00f6nnen Sie in Erinnerungen schwelgen. In der folgenden Galerie&nbsp;sehen Sie Bilder von unseren K\u00fchen und Ochsen nach der Ankunft in der Kuhpension Sch\u00f6nau. Darunter finden Sie auch Bilder von Tieren, die leider krankheits-, oder altersbedingt dem Himmel angeh\u00f6ren.<\/p>\n<p>&nbsp;<\/p>\nngg_shortcode_0_placeholder\n<p>&nbsp;<\/p>\n<p>&nbsp;<\/p>\n<p>&nbsp;<\/p>\n","protected":false},"excerpt":{"rendered":"<p>Auf dieser Seite k\u00f6nnen Sie in Erinnerungen schwelgen. In der folgenden Galerie&nbsp;sehen Sie Bilder von unseren K\u00fchen und Ochsen nach der Ankunft in der Kuhpension Sch\u00f6nau. Darunter finden Sie auch Bilder von Tieren, die leider krankheits-, oder altersbedingt dem Himmel angeh\u00f6ren. &nbsp; &nbsp; &nbsp; &nbsp; &nbsp;<\/p>\n","protected":false},"author":1,"featured_media":0,"parent":0,"menu_order":0,"comment_status":"closed","ping_status":"closed","template":"","meta":{"ngg_post_thumbnail":0,"footnotes":""},"class_list":["post-945","page","type-page","status-publish","hentry"],"_links":{"self":[{"href":"https:\/\/kuhpension-schoenau.ch\/index.php\/wp-json\/wp\/v2\/pages\/945","targetHints":{"allow":["GET"]}}],"collection":[{"href":"https:\/\/kuhpension-schoenau.ch\/index.php\/wp-json\/wp\/v2\/pages"}],"about":[{"href":"https:\/\/kuhpension-schoenau.ch\/index.php\/wp-json\/wp\/v2\/types\/page"}],"author":[{"embeddable":true,"href":"https:\/\/kuhpension-schoenau.ch\/index.php\/wp-json\/wp\/v2\/users\/1"}],"replies":[{"embeddable":true,"href":"https:\/\/kuhpension-schoenau.ch\/index.php\/wp-json\/wp\/v2\/comments?post=945"}],"version-history":[{"count":4,"href":"https:\/\/kuhpension-schoenau.ch\/index.php\/wp-json\/wp\/v2\/pages\/945\/revisions"}],"predecessor-version":[{"id":996,"href":"https:\/\/kuhpension-schoenau.ch\/index.php\/wp-json\/wp\/v2\/pages\/945\/revisions\/996"}],"wp:attachment":[{"href":"https:\/\/kuhpension-schoenau.ch\/index.php\/wp-json\/wp\/v2\/media?parent=945"}],"curies":[{"name":"wp","href":"https:\/\/api.w.org\/{rel}","templated":true}]}}