{"id":71,"date":"2023-10-08T12:01:55","date_gmt":"2023-10-08T12:01:55","guid":{"rendered":"https:\/\/kuhpension-schoenau.ch\/?page_id=71"},"modified":"2024-03-21T20:49:07","modified_gmt":"2024-03-21T20:49:07","slug":"unser-anliegen","status":"publish","type":"page","link":"https:\/\/kuhpension-schoenau.ch\/index.php\/unser-anliegen\/","title":{"rendered":"Unser Anliegen"},"content":{"rendered":"<p>Jede Kuh und jeder Ochse sind bei uns herzlich willkommen. Unser Pensionskonzept erm\u00f6glicht es den Tieren sich frei zu bewegen und selbstst\u00e4ndig \u00fcber Futteraufnahme sowie Ruhezeiten zu entscheiden. Um dieser Aufgabe gerecht werden zu k\u00f6nnen, haben wir ein unserem Betrieb entsprechendes Modell entwickelt. (Siehe unten)<\/p>\n<p><a href=\"https:\/\/kuhpension-schoenau.ch\/index.php\/pensionsmodell\/\">Pensionsmodell<\/a><\/p>\n<p><a href=\"https:\/\/kuhpension-schoenau.ch\/index.php\/hof-abc\/\">Hof ABC<\/a><\/p>\n<p>&nbsp;<\/p>\nngg_shortcode_0_placeholder\n","protected":false},"excerpt":{"rendered":"<p>Jede Kuh und jeder Ochse sind bei uns herzlich willkommen. Unser Pensionskonzept erm\u00f6glicht es den Tieren sich frei zu bewegen und selbstst\u00e4ndig \u00fcber Futteraufnahme sowie Ruhezeiten zu entscheiden. Um dieser Aufgabe gerecht werden zu k\u00f6nnen, haben wir ein unserem Betrieb entsprechendes Modell entwickelt. (Siehe unten) Pensionsmodell Hof ABC &nbsp;<\/p>\n","protected":false},"author":1,"featured_media":0,"parent":0,"menu_order":0,"comment_status":"closed","ping_status":"closed","template":"","meta":{"ngg_post_thumbnail":0,"footnotes":""},"class_list":["post-71","page","type-page","status-publish","hentry"],"_links":{"self":[{"href":"https:\/\/kuhpension-schoenau.ch\/index.php\/wp-json\/wp\/v2\/pages\/71","targetHints":{"allow":["GET"]}}],"collection":[{"href":"https:\/\/kuhpension-schoenau.ch\/index.php\/wp-json\/wp\/v2\/pages"}],"about":[{"href":"https:\/\/kuhpension-schoenau.ch\/index.php\/wp-json\/wp\/v2\/types\/page"}],"author":[{"embeddable":true,"href":"https:\/\/kuhpension-schoenau.ch\/index.php\/wp-json\/wp\/v2\/users\/1"}],"replies":[{"embeddable":true,"href":"https:\/\/kuhpension-schoenau.ch\/index.php\/wp-json\/wp\/v2\/comments?post=71"}],"version-history":[{"count":8,"href":"https:\/\/kuhpension-schoenau.ch\/index.php\/wp-json\/wp\/v2\/pages\/71\/revisions"}],"predecessor-version":[{"id":1253,"href":"https:\/\/kuhpension-schoenau.ch\/index.php\/wp-json\/wp\/v2\/pages\/71\/revisions\/1253"}],"wp:attachment":[{"href":"https:\/\/kuhpension-schoenau.ch\/index.php\/wp-json\/wp\/v2\/media?parent=71"}],"curies":[{"name":"wp","href":"https:\/\/api.w.org\/{rel}","templated":true}]}}