{"id":69,"date":"2023-10-08T12:01:32","date_gmt":"2023-10-08T12:01:32","guid":{"rendered":"https:\/\/kuhpension-schoenau.ch\/?page_id=69"},"modified":"2023-10-10T10:47:54","modified_gmt":"2023-10-10T10:47:54","slug":"unsere-leistungen","status":"publish","type":"page","link":"https:\/\/kuhpension-schoenau.ch\/index.php\/unsere-leistungen\/","title":{"rendered":"Unsere Leistungen"},"content":{"rendered":"<p>Unseren Hof haben wir nach bestem Wissen und \u00dcberzeugung auf die Bed\u00fcrfnisse der uns anvertrauten Tieren angepasst und umgebaut. Wir sind bem\u00fcht uns auch k\u00fcnftig laufend zu verbessern und die bestehende Infrastruktur so weit m\u00f6glich f\u00fcr die Tiere zu optimieren, damit es ihnen an nichts fehlt. Auch ist es uns ein grossen Anliegen, dass sich Mensch und Tier bei uns wohlf\u00fchlen. Nachfolgend finden Sie unsere Leistungen beschrieben.<\/p>\n<p>&nbsp;<\/p>\n<p><a href=\"https:\/\/kuhpension-schoenau.ch\/index.php\/liegebereich\/\">Liegebereich<\/a><\/p>\n<p><a href=\"https:\/\/kuhpension-schoenau.ch\/index.php\/freilaufbereich-innen\/\">Freilaufbereich innen<\/a><\/p>\n<p><a href=\"https:\/\/kuhpension-schoenau.ch\/index.php\/freilaufbereich-aussen\/\">Freilaufbereich aussen<\/a><\/p>\n<p><a href=\"https:\/\/kuhpension-schoenau.ch\/index.php\/weideflaechen-2\/\">Weidefl\u00e4chen<\/a><\/p>\n<p>&nbsp;<\/p>\n<p>&nbsp;<\/p>\n<p>&nbsp;<\/p>\n<p>&nbsp;<\/p>\n<p>&nbsp;<\/p>\n<p>&nbsp;<\/p>\n<p>&nbsp;<\/p>\n<p>&nbsp;<\/p>\n<p>&nbsp;<\/p>\n","protected":false},"excerpt":{"rendered":"<p>Unseren Hof haben wir nach bestem Wissen und \u00dcberzeugung auf die Bed\u00fcrfnisse der uns anvertrauten Tieren angepasst und umgebaut. Wir sind bem\u00fcht uns auch k\u00fcnftig laufend zu verbessern und die bestehende Infrastruktur so weit m\u00f6glich f\u00fcr die Tiere zu optimieren, damit es ihnen an nichts fehlt. Auch ist es uns ein grossen Anliegen, dass sich &hellip; <\/p>\n<p class=\"link-more\"><a href=\"https:\/\/kuhpension-schoenau.ch\/index.php\/unsere-leistungen\/\" class=\"more-link\">Mehr <span class=\"screen-reader-text\">\u00fcber &#8222;Unsere Leistungen&#8220; <\/span>Lesen<\/a><\/p>\n","protected":false},"author":1,"featured_media":0,"parent":0,"menu_order":0,"comment_status":"closed","ping_status":"closed","template":"","meta":{"ngg_post_thumbnail":0,"footnotes":""},"class_list":["post-69","page","type-page","status-publish","hentry"],"_links":{"self":[{"href":"https:\/\/kuhpension-schoenau.ch\/index.php\/wp-json\/wp\/v2\/pages\/69","targetHints":{"allow":["GET"]}}],"collection":[{"href":"https:\/\/kuhpension-schoenau.ch\/index.php\/wp-json\/wp\/v2\/pages"}],"about":[{"href":"https:\/\/kuhpension-schoenau.ch\/index.php\/wp-json\/wp\/v2\/types\/page"}],"author":[{"embeddable":true,"href":"https:\/\/kuhpension-schoenau.ch\/index.php\/wp-json\/wp\/v2\/users\/1"}],"replies":[{"embeddable":true,"href":"https:\/\/kuhpension-schoenau.ch\/index.php\/wp-json\/wp\/v2\/comments?post=69"}],"version-history":[{"count":6,"href":"https:\/\/kuhpension-schoenau.ch\/index.php\/wp-json\/wp\/v2\/pages\/69\/revisions"}],"predecessor-version":[{"id":301,"href":"https:\/\/kuhpension-schoenau.ch\/index.php\/wp-json\/wp\/v2\/pages\/69\/revisions\/301"}],"wp:attachment":[{"href":"https:\/\/kuhpension-schoenau.ch\/index.php\/wp-json\/wp\/v2\/media?parent=69"}],"curies":[{"name":"wp","href":"https:\/\/api.w.org\/{rel}","templated":true}]}}