{"id":67,"date":"2023-10-08T12:01:16","date_gmt":"2023-10-08T12:01:16","guid":{"rendered":"https:\/\/kuhpension-schoenau.ch\/?page_id=67"},"modified":"2024-03-21T20:32:00","modified_gmt":"2024-03-21T20:32:00","slug":"ueber-uns","status":"publish","type":"page","link":"https:\/\/kuhpension-schoenau.ch\/index.php\/ueber-uns\/","title":{"rendered":"\u00dcber uns"},"content":{"rendered":"<p>Der Hof Obersch\u00f6nau kam 1918 in unseren Familienbesitz. Die Geb\u00e4ude und Infrastruktur wurde \u00fcber all die Jahrzehnte laufend modernisiert und an die entsprechenden Gegebenheiten und Anforderungen angepasst. Neue Geb\u00e4ude kamen hinzu, alte verschwanden, wurden vergr\u00f6ssert oder umgebaut. Die Milchwirtschaft und die Aufzucht von K\u00e4lbern, sowie das Bestellen und Pflegen der Felder und Wiesen bestimmte unser Familienleben und waren die tragenden Elemente und der Antrieb f\u00fcr die Bewirtschaftung unseres Hofes.<\/p>\n<p>Ver\u00e4nderungen schaffen neue Perspektiven, aus denen auch alternative und mutige Ideen hervorgehen k\u00f6nnen. So entschieden wir uns den Betrieb nach 100 Jahren in eine Kuh-und Ochsenpension umzustellen. Ende 2018 waren wir schon ausgebucht, was uns sehr freute. Die ganze Familie trug die Umstellung mit. Diesem Umstand verdanken wir es, dass auch nach dem tragischen Unfall von Sepp D\u00f6rig (1970-2019) der Hof in dieser Form weitergef\u00fchrt werden kann:<\/p>\n<p>Ein Ort, wo Mensch und Tier sich wohlf\u00fchlen. Wir freuen uns \u00fcber Ihr Interesse und Ihren Besuch.<\/p>\n<p>Herzlichst Familie D\u00f6rig<\/p>\n<p>&nbsp;<\/p>\nngg_shortcode_0_placeholder\n<p>&nbsp;<\/p>\n","protected":false},"excerpt":{"rendered":"<p>Der Hof Obersch\u00f6nau kam 1918 in unseren Familienbesitz. Die Geb\u00e4ude und Infrastruktur wurde \u00fcber all die Jahrzehnte laufend modernisiert und an die entsprechenden Gegebenheiten und Anforderungen angepasst. Neue Geb\u00e4ude kamen hinzu, alte verschwanden, wurden vergr\u00f6ssert oder umgebaut. Die Milchwirtschaft und die Aufzucht von K\u00e4lbern, sowie das Bestellen und Pflegen der Felder und Wiesen bestimmte unser &hellip; <\/p>\n<p class=\"link-more\"><a href=\"https:\/\/kuhpension-schoenau.ch\/index.php\/ueber-uns\/\" class=\"more-link\">Mehr <span class=\"screen-reader-text\">\u00fcber &#8222;\u00dcber uns&#8220; <\/span>Lesen<\/a><\/p>\n","protected":false},"author":1,"featured_media":0,"parent":0,"menu_order":0,"comment_status":"closed","ping_status":"closed","template":"","meta":{"ngg_post_thumbnail":0,"footnotes":""},"class_list":["post-67","page","type-page","status-publish","hentry"],"_links":{"self":[{"href":"https:\/\/kuhpension-schoenau.ch\/index.php\/wp-json\/wp\/v2\/pages\/67","targetHints":{"allow":["GET"]}}],"collection":[{"href":"https:\/\/kuhpension-schoenau.ch\/index.php\/wp-json\/wp\/v2\/pages"}],"about":[{"href":"https:\/\/kuhpension-schoenau.ch\/index.php\/wp-json\/wp\/v2\/types\/page"}],"author":[{"embeddable":true,"href":"https:\/\/kuhpension-schoenau.ch\/index.php\/wp-json\/wp\/v2\/users\/1"}],"replies":[{"embeddable":true,"href":"https:\/\/kuhpension-schoenau.ch\/index.php\/wp-json\/wp\/v2\/comments?post=67"}],"version-history":[{"count":16,"href":"https:\/\/kuhpension-schoenau.ch\/index.php\/wp-json\/wp\/v2\/pages\/67\/revisions"}],"predecessor-version":[{"id":1248,"href":"https:\/\/kuhpension-schoenau.ch\/index.php\/wp-json\/wp\/v2\/pages\/67\/revisions\/1248"}],"wp:attachment":[{"href":"https:\/\/kuhpension-schoenau.ch\/index.php\/wp-json\/wp\/v2\/media?parent=67"}],"curies":[{"name":"wp","href":"https:\/\/api.w.org\/{rel}","templated":true}]}}