{"id":60,"date":"2023-10-08T11:31:19","date_gmt":"2023-10-08T11:31:19","guid":{"rendered":"https:\/\/kuhpension-schoenau.ch\/?page_id=60"},"modified":"2025-10-28T13:07:13","modified_gmt":"2025-10-28T13:07:13","slug":"startseite","status":"publish","type":"page","link":"https:\/\/kuhpension-schoenau.ch\/","title":{"rendered":"Start"},"content":{"rendered":"<p>Herzlich Willkommen<\/p>\n<p>auf unserem Hof der Familie D\u00f6rig in Obersch\u00f6nau\/ SG.<\/p>\n<p>Wir w\u00fcrden uns sehr dar\u00fcber freuen, Ihrer Kuh und\/oder Ihrem Ochsen in unserer Kuh- und Ochsenpension ein sch\u00f6nes, friedliches und beh\u00fctetes Leben zu offerieren. Die neu geschaffene Infrastruktur haben wir ganz nach den Bed\u00fcrfnissen einer modernen und zeitgem\u00e4ssen Unterkunft ausgelegt. Nehmen Sie mit uns Kontakt auf, wenn Sie f\u00fcr Ihr Tier einen gem\u00fctlichen und abwechslungsreichen Lebensplatz suchen.<\/p>\n<p>Alle weiteren Informationen finden Sie auf den nachfolgenden Seiten.<\/p>\n<p>Viel Freude beim Durchst\u00f6bern unserer Seiten.<\/p>\n<p style=\"text-align: right;\"><strong>&nbsp; &nbsp; &nbsp; &nbsp; &nbsp; &nbsp; &nbsp; &nbsp; &nbsp; &nbsp; &nbsp; &nbsp; &nbsp; &nbsp; &nbsp; &nbsp; &nbsp; &nbsp; &nbsp; &nbsp; &nbsp; &nbsp; &nbsp; &nbsp; &nbsp; &nbsp; &nbsp; &nbsp; &nbsp; &nbsp; &nbsp; &nbsp; &nbsp; &nbsp; &nbsp; &nbsp; &nbsp; &nbsp; &nbsp; &nbsp; &nbsp; &nbsp; &nbsp; &nbsp; &nbsp; &nbsp; &nbsp; &nbsp; &nbsp; &nbsp; &nbsp; &nbsp; &nbsp; &nbsp; &nbsp; &nbsp; &nbsp; &nbsp; &nbsp; &nbsp; &nbsp; &nbsp; &nbsp; &nbsp; &nbsp; &nbsp; <a class=\"maxbutton-1 maxbutton maxbutton-kontaktformular\" href=\"\/index.php\/kontaktformular-anfrage-platz\/\"><span class='mb-text'>Aktuell sind drei Pl\u00e4tze frei<\/span><\/a><\/strong><\/p>\nngg_shortcode_0_placeholder\n<p>&nbsp;<\/p>\n<p>&nbsp;<\/p>\n<p>&nbsp;<\/p>\n<p>&nbsp;<\/p>\n<p>&nbsp;<\/p>\n","protected":false},"excerpt":{"rendered":"<p>Herzlich Willkommen auf unserem Hof der Familie D\u00f6rig in Obersch\u00f6nau\/ SG. Wir w\u00fcrden uns sehr dar\u00fcber freuen, Ihrer Kuh und\/oder Ihrem Ochsen in unserer Kuh- und Ochsenpension ein sch\u00f6nes, friedliches und beh\u00fctetes Leben zu offerieren. Die neu geschaffene Infrastruktur haben wir ganz nach den Bed\u00fcrfnissen einer modernen und zeitgem\u00e4ssen Unterkunft ausgelegt. Nehmen Sie mit uns &hellip; <\/p>\n<p class=\"link-more\"><a href=\"https:\/\/kuhpension-schoenau.ch\/\" class=\"more-link\">Mehr <span class=\"screen-reader-text\">\u00fcber &#8222;Start&#8220; <\/span>Lesen<\/a><\/p>\n","protected":false},"author":1,"featured_media":0,"parent":0,"menu_order":0,"comment_status":"closed","ping_status":"closed","template":"","meta":{"ngg_post_thumbnail":0,"footnotes":""},"class_list":["post-60","page","type-page","status-publish","hentry"],"_links":{"self":[{"href":"https:\/\/kuhpension-schoenau.ch\/index.php\/wp-json\/wp\/v2\/pages\/60","targetHints":{"allow":["GET"]}}],"collection":[{"href":"https:\/\/kuhpension-schoenau.ch\/index.php\/wp-json\/wp\/v2\/pages"}],"about":[{"href":"https:\/\/kuhpension-schoenau.ch\/index.php\/wp-json\/wp\/v2\/types\/page"}],"author":[{"embeddable":true,"href":"https:\/\/kuhpension-schoenau.ch\/index.php\/wp-json\/wp\/v2\/users\/1"}],"replies":[{"embeddable":true,"href":"https:\/\/kuhpension-schoenau.ch\/index.php\/wp-json\/wp\/v2\/comments?post=60"}],"version-history":[{"count":15,"href":"https:\/\/kuhpension-schoenau.ch\/index.php\/wp-json\/wp\/v2\/pages\/60\/revisions"}],"predecessor-version":[{"id":1821,"href":"https:\/\/kuhpension-schoenau.ch\/index.php\/wp-json\/wp\/v2\/pages\/60\/revisions\/1821"}],"wp:attachment":[{"href":"https:\/\/kuhpension-schoenau.ch\/index.php\/wp-json\/wp\/v2\/media?parent=60"}],"curies":[{"name":"wp","href":"https:\/\/api.w.org\/{rel}","templated":true}]}}