{"id":280,"date":"2023-10-10T10:33:49","date_gmt":"2023-10-10T10:33:49","guid":{"rendered":"https:\/\/kuhpension-schoenau.ch\/?page_id=280"},"modified":"2024-08-15T19:40:25","modified_gmt":"2024-08-15T19:40:25","slug":"freilaufbereich-innen","status":"publish","type":"page","link":"https:\/\/kuhpension-schoenau.ch\/index.php\/freilaufbereich-innen\/","title":{"rendered":"Freilaufbereich innen"},"content":{"rendered":"<p><span class=\"xr_tl xr_s21\">Der <\/span><span class=\"xr_tl xr_s21\">stallinterne <\/span><span class=\"xr_tl xr_s21\">Freilaufbereich <\/span><span class=\"xr_tl xr_s21\">umfasst <\/span><span class=\"xr_tl xr_s21\">die <\/span><span class=\"xr_tl xr_s21\">Zonen <\/span><span class=\"xr_tl xr_s21\">im <\/span><span class=\"xr_tl xr_s21\">Futteraufnahmebereich, <\/span><span class=\"xr_tl xr_s21\">sowie <\/span><span class=\"xr_tl xr_s21\">die <\/span><span class=\"xr_tl xr_s21\">Durchg\u00e4nge <\/span><span class=\"xr_tl xr_s21\">zum <\/span><span class=\"xr_tl xr_s21\">Liege- und Aussenbereich. <\/span><span class=\"xr_tl xr_s21\">Auch <\/span><span class=\"xr_tl xr_s21\">dieser <\/span><span class=\"xr_tl xr_s21\">Bereich <\/span><span class=\"xr_tl xr_s21\">wird <\/span><span class=\"xr_tl xr_s21\">zweimal <\/span><span class=\"xr_tl xr_s21\">t\u00e4glich <\/span><span class=\"xr_tl xr_s21\">gereinigt. <\/span><span class=\"xr_tl xr_s21\">Den <\/span><span class=\"xr_tl xr_s21\">Tieren steht 24 Stunden Raufutter zur Verf\u00fcgung.<\/span><\/p>\n<p>&nbsp;<\/p>\n<p>&nbsp;<\/p>\nngg_shortcode_0_placeholder\n<p>&nbsp;<\/p>\n<p>&nbsp;<\/p>\n<p>&nbsp;<\/p>\n<p>&nbsp;<\/p>\n<p>&nbsp;<\/p>\n","protected":false},"excerpt":{"rendered":"<p>Der stallinterne Freilaufbereich umfasst die Zonen im Futteraufnahmebereich, sowie die Durchg\u00e4nge zum Liege- und Aussenbereich. Auch dieser Bereich wird zweimal t\u00e4glich gereinigt. Den Tieren steht 24 Stunden Raufutter zur Verf\u00fcgung. &nbsp; &nbsp; &nbsp; &nbsp; &nbsp; &nbsp; &nbsp; &nbsp;<\/p>\n","protected":false},"author":1,"featured_media":0,"parent":0,"menu_order":0,"comment_status":"closed","ping_status":"closed","template":"","meta":{"ngg_post_thumbnail":0,"footnotes":""},"class_list":["post-280","page","type-page","status-publish","hentry"],"_links":{"self":[{"href":"https:\/\/kuhpension-schoenau.ch\/index.php\/wp-json\/wp\/v2\/pages\/280","targetHints":{"allow":["GET"]}}],"collection":[{"href":"https:\/\/kuhpension-schoenau.ch\/index.php\/wp-json\/wp\/v2\/pages"}],"about":[{"href":"https:\/\/kuhpension-schoenau.ch\/index.php\/wp-json\/wp\/v2\/types\/page"}],"author":[{"embeddable":true,"href":"https:\/\/kuhpension-schoenau.ch\/index.php\/wp-json\/wp\/v2\/users\/1"}],"replies":[{"embeddable":true,"href":"https:\/\/kuhpension-schoenau.ch\/index.php\/wp-json\/wp\/v2\/comments?post=280"}],"version-history":[{"count":6,"href":"https:\/\/kuhpension-schoenau.ch\/index.php\/wp-json\/wp\/v2\/pages\/280\/revisions"}],"predecessor-version":[{"id":1422,"href":"https:\/\/kuhpension-schoenau.ch\/index.php\/wp-json\/wp\/v2\/pages\/280\/revisions\/1422"}],"wp:attachment":[{"href":"https:\/\/kuhpension-schoenau.ch\/index.php\/wp-json\/wp\/v2\/media?parent=280"}],"curies":[{"name":"wp","href":"https:\/\/api.w.org\/{rel}","templated":true}]}}