{"id":188,"date":"2023-10-08T14:55:42","date_gmt":"2023-10-08T14:55:42","guid":{"rendered":"https:\/\/kuhpension-schoenau.ch\/?page_id=188"},"modified":"2023-10-13T10:47:49","modified_gmt":"2023-10-13T10:47:49","slug":"hoffest-2018","status":"publish","type":"page","link":"https:\/\/kuhpension-schoenau.ch\/index.php\/hoffest-2018\/","title":{"rendered":"Hoffest 2018"},"content":{"rendered":"<p>Nach nicht einmal 7 Monate seit der Er\u00f6ffnung ist die Kuh- und Ochsenpension Sch\u00f6nau bereits ausgebucht. Grund genug diesen tollen Erfolg mit den Menschen zu teilen und zu feiern, die uns ihre K\u00fche, Ochsen und K\u00e4lber anvertrauen.<\/p>\n<p>Vielen Dank allen die zu diesem besonderen Tag beigetragen haben.<\/p>\n<p>Herzlichst Familie D\u00f6rig<\/p>\n<p>&nbsp;<\/p>\nngg_shortcode_0_placeholder\n","protected":false},"excerpt":{"rendered":"<p>Nach nicht einmal 7 Monate seit der Er\u00f6ffnung ist die Kuh- und Ochsenpension Sch\u00f6nau bereits ausgebucht. Grund genug diesen tollen Erfolg mit den Menschen zu teilen und zu feiern, die uns ihre K\u00fche, Ochsen und K\u00e4lber anvertrauen. Vielen Dank allen die zu diesem besonderen Tag beigetragen haben. Herzlichst Familie D\u00f6rig &nbsp;<\/p>\n","protected":false},"author":1,"featured_media":0,"parent":0,"menu_order":0,"comment_status":"closed","ping_status":"closed","template":"","meta":{"ngg_post_thumbnail":0,"footnotes":""},"class_list":["post-188","page","type-page","status-publish","hentry"],"_links":{"self":[{"href":"https:\/\/kuhpension-schoenau.ch\/index.php\/wp-json\/wp\/v2\/pages\/188","targetHints":{"allow":["GET"]}}],"collection":[{"href":"https:\/\/kuhpension-schoenau.ch\/index.php\/wp-json\/wp\/v2\/pages"}],"about":[{"href":"https:\/\/kuhpension-schoenau.ch\/index.php\/wp-json\/wp\/v2\/types\/page"}],"author":[{"embeddable":true,"href":"https:\/\/kuhpension-schoenau.ch\/index.php\/wp-json\/wp\/v2\/users\/1"}],"replies":[{"embeddable":true,"href":"https:\/\/kuhpension-schoenau.ch\/index.php\/wp-json\/wp\/v2\/comments?post=188"}],"version-history":[{"count":5,"href":"https:\/\/kuhpension-schoenau.ch\/index.php\/wp-json\/wp\/v2\/pages\/188\/revisions"}],"predecessor-version":[{"id":953,"href":"https:\/\/kuhpension-schoenau.ch\/index.php\/wp-json\/wp\/v2\/pages\/188\/revisions\/953"}],"wp:attachment":[{"href":"https:\/\/kuhpension-schoenau.ch\/index.php\/wp-json\/wp\/v2\/media?parent=188"}],"curies":[{"name":"wp","href":"https:\/\/api.w.org\/{rel}","templated":true}]}}