{"id":184,"date":"2023-10-08T14:55:07","date_gmt":"2023-10-08T14:55:07","guid":{"rendered":"https:\/\/kuhpension-schoenau.ch\/?page_id=184"},"modified":"2023-10-13T10:47:05","modified_gmt":"2023-10-13T10:47:05","slug":"hoffest-2020","status":"publish","type":"page","link":"https:\/\/kuhpension-schoenau.ch\/index.php\/hoffest-2020\/","title":{"rendered":"Hoffest 2020"},"content":{"rendered":"<p>Am Abend des 4.9.2020 bereitete die ganze Familie den Hof voller Freude f\u00fcr ein spezielles Hoffest vor. Es trafen sich nicht nur die Pension\u00e4rinnen und Pension\u00e4re der Kuh-und Ochsenpension Sch\u00f6nau, sondern auch die Patinnen und Paten der Stiftung f\u00fcr Nutztiere-StifNu. So konnte f\u00fcr einmal ein Austausch \u00fcber alle Kuh- und Ochsenpensionen der Umgebung stattfinden. Sohn Roman fuhr mit dem Hof-Bus die Besucher und Besucherinnen zu ihren Tieren auf die Weiden der Sch\u00f6nau und des Ch\u00e4ppis-Hof. Die Freude von Tieren und Menschen zu sehen, war ein tolles Erlebnis. Getr\u00e4nke, ein eindr\u00fcckliches Buffet von S\u00fcss &amp; Vegan, sowie ein Pizzaofen sorgten f\u00fcr ein gem\u00fctliches Beisammen sein in der geschm\u00fcckten Werkstatt des Betriebs. Der Tag war so spannend und bereichernd,&nbsp; dass leider nur ganz wenige Fotos vom Fest selber entstanden. Alle Helferinnen, Helfer, Nachbarinnen und Nachbarn der Kuh- und Ochsenpension Sch\u00f6nau wurden am folgenden Tag eingeladen. Wir freuen uns darauf euch im n\u00e4chsten Jahr wieder mit unseren Pension\u00e4rinnen und Pension\u00e4ren bekannt zu machen. Ein grosses und herzliches Danke sch\u00f6n an alle, f\u00fcr die feinen Desserts und Salate am Hoffest, f\u00fcr eure liebevollen Besuche, euer Interesse und eure Unterst\u00fctzung auch unter dem Jahr.<\/p>\n<p>&nbsp;<\/p>\n<p>Herzlichst &#8211; Isabelle D\u00f6rig-Theiler und Familie<\/p>\n<p>&nbsp;<\/p>\nngg_shortcode_0_placeholder\n<p>&nbsp;<\/p>\n<p>&nbsp;<\/p>\n<p>&nbsp;<\/p>\n<p>&nbsp;<\/p>\n","protected":false},"excerpt":{"rendered":"<p>Am Abend des 4.9.2020 bereitete die ganze Familie den Hof voller Freude f\u00fcr ein spezielles Hoffest vor. Es trafen sich nicht nur die Pension\u00e4rinnen und Pension\u00e4re der Kuh-und Ochsenpension Sch\u00f6nau, sondern auch die Patinnen und Paten der Stiftung f\u00fcr Nutztiere-StifNu. So konnte f\u00fcr einmal ein Austausch \u00fcber alle Kuh- und Ochsenpensionen der Umgebung stattfinden. Sohn &hellip; <\/p>\n<p class=\"link-more\"><a href=\"https:\/\/kuhpension-schoenau.ch\/index.php\/hoffest-2020\/\" class=\"more-link\">Mehr <span class=\"screen-reader-text\">\u00fcber &#8222;Hoffest 2020&#8220; <\/span>Lesen<\/a><\/p>\n","protected":false},"author":1,"featured_media":0,"parent":0,"menu_order":0,"comment_status":"closed","ping_status":"closed","template":"","meta":{"ngg_post_thumbnail":0,"footnotes":""},"class_list":["post-184","page","type-page","status-publish","hentry"],"_links":{"self":[{"href":"https:\/\/kuhpension-schoenau.ch\/index.php\/wp-json\/wp\/v2\/pages\/184","targetHints":{"allow":["GET"]}}],"collection":[{"href":"https:\/\/kuhpension-schoenau.ch\/index.php\/wp-json\/wp\/v2\/pages"}],"about":[{"href":"https:\/\/kuhpension-schoenau.ch\/index.php\/wp-json\/wp\/v2\/types\/page"}],"author":[{"embeddable":true,"href":"https:\/\/kuhpension-schoenau.ch\/index.php\/wp-json\/wp\/v2\/users\/1"}],"replies":[{"embeddable":true,"href":"https:\/\/kuhpension-schoenau.ch\/index.php\/wp-json\/wp\/v2\/comments?post=184"}],"version-history":[{"count":6,"href":"https:\/\/kuhpension-schoenau.ch\/index.php\/wp-json\/wp\/v2\/pages\/184\/revisions"}],"predecessor-version":[{"id":951,"href":"https:\/\/kuhpension-schoenau.ch\/index.php\/wp-json\/wp\/v2\/pages\/184\/revisions\/951"}],"wp:attachment":[{"href":"https:\/\/kuhpension-schoenau.ch\/index.php\/wp-json\/wp\/v2\/media?parent=184"}],"curies":[{"name":"wp","href":"https:\/\/api.w.org\/{rel}","templated":true}]}}