{"id":132,"date":"2023-10-08T13:49:43","date_gmt":"2023-10-08T13:49:43","guid":{"rendered":"https:\/\/kuhpension-schoenau.ch\/?page_id=132"},"modified":"2023-10-13T12:25:52","modified_gmt":"2023-10-13T12:25:52","slug":"besucher-stuebli-und-spielplatz","status":"publish","type":"page","link":"https:\/\/kuhpension-schoenau.ch\/index.php\/besucher-stuebli-und-spielplatz\/","title":{"rendered":"Besucher-St\u00fcbli und Spielplatz"},"content":{"rendered":"<p>Zusammensitzen, Plaudern und sich Austauschen k\u00f6nnen sich unsere G\u00e4ste in unserem abenteuerlichen und unkonventionellen Wohnwagen der unmittelbar vor dem Stallgeb\u00e4ude steht. Geniessen Sie das Campingflair auf einer Kuhpension inmitten der Landwirtschaft und umgeben von liebenswerten Menschen und Tieren. Leider m\u00fcssen wir Sie darauf hinweisen, dass im Wohnwagen das Rauchen nicht erlaubt ist.<\/p>\n<p>ngg_shortcode_0_placeholderSpielplatz<\/p>\n<p>Sehr gerne stellen wir unser Spielplatz den Kindern f\u00fcr die Benutzung zur Verf\u00fcgung. Wir empfehlen aber dringendst, die Kinder nie unbeaufsichtigt spielen zu lassen. Die Beaufsichtigung der Kinder gilt auch generell f\u00fcr den ganzen Hofbereich inkl. Stall- und Weidebereich. Wir bitte Sie ausserdem darauf zu achten, dass Ihre Kinder nicht auf die im Hofgel\u00e4nde parkierten Landmaschinen klettern, oder an ihnen herumspielen. Bitte lesen Sie auch unsere Hinweise unter Haftungsausschluss.<\/p>\n<p>&nbsp;<\/p>\n<p>&nbsp;<\/p>\n<p>&nbsp;<\/p>\n","protected":false},"excerpt":{"rendered":"<p>Zusammensitzen, Plaudern und sich Austauschen k\u00f6nnen sich unsere G\u00e4ste in unserem abenteuerlichen und unkonventionellen Wohnwagen der unmittelbar vor dem Stallgeb\u00e4ude steht. Geniessen Sie das Campingflair auf einer Kuhpension inmitten der Landwirtschaft und umgeben von liebenswerten Menschen und Tieren. Leider m\u00fcssen wir Sie darauf hinweisen, dass im Wohnwagen das Rauchen nicht erlaubt ist. Spielplatz Sehr gerne &hellip; <\/p>\n<p class=\"link-more\"><a href=\"https:\/\/kuhpension-schoenau.ch\/index.php\/besucher-stuebli-und-spielplatz\/\" class=\"more-link\">Mehr <span class=\"screen-reader-text\">\u00fcber &#8222;Besucher-St\u00fcbli und Spielplatz&#8220; <\/span>Lesen<\/a><\/p>\n","protected":false},"author":1,"featured_media":0,"parent":0,"menu_order":0,"comment_status":"closed","ping_status":"closed","template":"","meta":{"ngg_post_thumbnail":0,"footnotes":""},"class_list":["post-132","page","type-page","status-publish","hentry"],"_links":{"self":[{"href":"https:\/\/kuhpension-schoenau.ch\/index.php\/wp-json\/wp\/v2\/pages\/132","targetHints":{"allow":["GET"]}}],"collection":[{"href":"https:\/\/kuhpension-schoenau.ch\/index.php\/wp-json\/wp\/v2\/pages"}],"about":[{"href":"https:\/\/kuhpension-schoenau.ch\/index.php\/wp-json\/wp\/v2\/types\/page"}],"author":[{"embeddable":true,"href":"https:\/\/kuhpension-schoenau.ch\/index.php\/wp-json\/wp\/v2\/users\/1"}],"replies":[{"embeddable":true,"href":"https:\/\/kuhpension-schoenau.ch\/index.php\/wp-json\/wp\/v2\/comments?post=132"}],"version-history":[{"count":5,"href":"https:\/\/kuhpension-schoenau.ch\/index.php\/wp-json\/wp\/v2\/pages\/132\/revisions"}],"predecessor-version":[{"id":1000,"href":"https:\/\/kuhpension-schoenau.ch\/index.php\/wp-json\/wp\/v2\/pages\/132\/revisions\/1000"}],"wp:attachment":[{"href":"https:\/\/kuhpension-schoenau.ch\/index.php\/wp-json\/wp\/v2\/media?parent=132"}],"curies":[{"name":"wp","href":"https:\/\/api.w.org\/{rel}","templated":true}]}}