{"id":130,"date":"2023-10-08T13:49:09","date_gmt":"2023-10-08T13:49:09","guid":{"rendered":"https:\/\/kuhpension-schoenau.ch\/?page_id=130"},"modified":"2023-10-08T14:17:06","modified_gmt":"2023-10-08T14:17:06","slug":"verhaltensregeln","status":"publish","type":"page","link":"https:\/\/kuhpension-schoenau.ch\/index.php\/verhaltensregeln\/","title":{"rendered":"Verhaltensregeln"},"content":{"rendered":"<p>Alle interessierten Menschen mit ihren Kindern und auch ihren Hunden sind auf unserem Pensionshof immer herzlich Willkommen. Zum Schutze der uns anvertrauten Tiere und unseren Hofkatzen, bitten wir unsere Besucherinnen und Besucher die wenigen nachfolgenden Punkte zu ber\u00fccksichtigen, damit ein reibungsloser und ungest\u00f6rter Betrieb gew\u00e4hrleistet werden kann.<\/p>\n<p>&#8211; Bitte bewegen Sie sich im Umfeld der Tiere immer ruhig, sicher aber bestimmt. Die Lautst\u00e4rke und Diskussion soll auf ein Minimum reduziert werden.<\/p>\n<p>&#8211; Das Rauchen ist in den St\u00e4llen, dem Wohnwagen und in unmittelbarer n\u00e4he unserer Hoftiere grunds\u00e4tzlich verboten. Bitte lassen Sie ihre Zigarettenstummel auch nicht auf der Weide oder auf dem Hofgel\u00e4nde liegen. Raucherabf\u00e4lle k\u00f6nnen bequem im Container hinter der Scheune (signalisiert) entsorgt werden.<\/p>\n<p>&#8211; Kinder bitte auf dem ganzen Hofgel\u00e4nde inkl. Spielplatz nie unbeaufsichtigt lassen.<\/p>\n<p>&#8211; Ebenfalls sollen Kinder angehalten werden, sich im Umgang mit den Tieren, leise und nicht hektisch zu verhalten.<\/p>\n<p>&#8211; \u00c4ngstliche oder dominante Hunde sind bitte immer an der Leine zu f\u00fchren. Hundehaufen sind bitte mittels Doggybag im Container hinter der Scheune zu entsorgen.<\/p>\n<p>&#8211; Wir bitten Sie ausserdem zu ihrer eigenen Sicherheit und der unserer Tiere darauf zu achten, sich nicht mit auff\u00e4llig bellenden Hunden in der N\u00e4he unserer Tiere aufzuhalten.<\/p>\n<p>&#8211; Die Tiere d\u00fcrfen grunds\u00e4tzlich nur von ihren jeweiligen Besitzerinnen \/ Besitzern gef\u00fcttert werden.<\/p>\n<p>&nbsp;<\/p>\n<p>Bitte haben Sie Verst\u00e4ndnis f\u00fcr diese wenigen aber wichtigen Verhaltensregeln.<\/p>\n<p>Die Kuhpension-Sch\u00f6nau w\u00fcnscht Ihnen allen einen sch\u00f6nen und erlebnisreichen Aufenthalt bei uns.<\/p>\n<p>&nbsp;<\/p>\n<p>&nbsp;<\/p>\n","protected":false},"excerpt":{"rendered":"<p>Alle interessierten Menschen mit ihren Kindern und auch ihren Hunden sind auf unserem Pensionshof immer herzlich Willkommen. Zum Schutze der uns anvertrauten Tiere und unseren Hofkatzen, bitten wir unsere Besucherinnen und Besucher die wenigen nachfolgenden Punkte zu ber\u00fccksichtigen, damit ein reibungsloser und ungest\u00f6rter Betrieb gew\u00e4hrleistet werden kann. &#8211; Bitte bewegen Sie sich im Umfeld der &hellip; <\/p>\n<p class=\"link-more\"><a href=\"https:\/\/kuhpension-schoenau.ch\/index.php\/verhaltensregeln\/\" class=\"more-link\">Mehr <span class=\"screen-reader-text\">\u00fcber &#8222;Verhaltensregeln&#8220; <\/span>Lesen<\/a><\/p>\n","protected":false},"author":1,"featured_media":0,"parent":0,"menu_order":0,"comment_status":"closed","ping_status":"closed","template":"","meta":{"ngg_post_thumbnail":0,"footnotes":""},"class_list":["post-130","page","type-page","status-publish","hentry"],"_links":{"self":[{"href":"https:\/\/kuhpension-schoenau.ch\/index.php\/wp-json\/wp\/v2\/pages\/130","targetHints":{"allow":["GET"]}}],"collection":[{"href":"https:\/\/kuhpension-schoenau.ch\/index.php\/wp-json\/wp\/v2\/pages"}],"about":[{"href":"https:\/\/kuhpension-schoenau.ch\/index.php\/wp-json\/wp\/v2\/types\/page"}],"author":[{"embeddable":true,"href":"https:\/\/kuhpension-schoenau.ch\/index.php\/wp-json\/wp\/v2\/users\/1"}],"replies":[{"embeddable":true,"href":"https:\/\/kuhpension-schoenau.ch\/index.php\/wp-json\/wp\/v2\/comments?post=130"}],"version-history":[{"count":3,"href":"https:\/\/kuhpension-schoenau.ch\/index.php\/wp-json\/wp\/v2\/pages\/130\/revisions"}],"predecessor-version":[{"id":150,"href":"https:\/\/kuhpension-schoenau.ch\/index.php\/wp-json\/wp\/v2\/pages\/130\/revisions\/150"}],"wp:attachment":[{"href":"https:\/\/kuhpension-schoenau.ch\/index.php\/wp-json\/wp\/v2\/media?parent=130"}],"curies":[{"name":"wp","href":"https:\/\/api.w.org\/{rel}","templated":true}]}}