{"id":126,"date":"2023-10-08T13:48:20","date_gmt":"2023-10-08T13:48:20","guid":{"rendered":"https:\/\/kuhpension-schoenau.ch\/?page_id=126"},"modified":"2023-10-08T15:23:46","modified_gmt":"2023-10-08T15:23:46","slug":"besuchszeiten","status":"publish","type":"page","link":"https:\/\/kuhpension-schoenau.ch\/index.php\/besuchszeiten\/","title":{"rendered":"Besuchszeiten"},"content":{"rendered":"<p>Die Tiere d\u00fcrfen von ihren Besitzerinnen und Besitzern zu den \u00fcblichen Tageszeiten besucht werden. Die Stallungen, sowie die Weidefl\u00e4chen und auch der Wohnwagen (Besucher-St\u00fcbli) sind f\u00fcr sie immer zug\u00e4nglich. Bitte lesen Sie hierf\u00fcr auch die Hinweise im Kapitel \u201eHaftungsausschluss\u201c und \u201eHof ABC\u201c. Interessierte Besucherinnen und Besucher sind herzlich eingeladen nach vorg\u00e4ngiger Terminvereinbarung sich auf unserem Pensionshof pers\u00f6nlich zu informieren, sich fachkundig herumf\u00fchren zu lassen und einen hautnahen Einblick in das Leben unsere Pension\u00e4rinnen und Pension\u00e4ren zu nehmen.<\/p>\n<p>&nbsp;<\/p>\n<p>&nbsp;<\/p>\n<p>&nbsp;<\/p>\n<p>&nbsp;<\/p>\n<p>&nbsp;<\/p>\n","protected":false},"excerpt":{"rendered":"<p>Die Tiere d\u00fcrfen von ihren Besitzerinnen und Besitzern zu den \u00fcblichen Tageszeiten besucht werden. Die Stallungen, sowie die Weidefl\u00e4chen und auch der Wohnwagen (Besucher-St\u00fcbli) sind f\u00fcr sie immer zug\u00e4nglich. Bitte lesen Sie hierf\u00fcr auch die Hinweise im Kapitel \u201eHaftungsausschluss\u201c und \u201eHof ABC\u201c. Interessierte Besucherinnen und Besucher sind herzlich eingeladen nach vorg\u00e4ngiger Terminvereinbarung sich auf unserem &hellip; <\/p>\n<p class=\"link-more\"><a href=\"https:\/\/kuhpension-schoenau.ch\/index.php\/besuchszeiten\/\" class=\"more-link\">Mehr <span class=\"screen-reader-text\">\u00fcber &#8222;Besuchszeiten&#8220; <\/span>Lesen<\/a><\/p>\n","protected":false},"author":1,"featured_media":0,"parent":0,"menu_order":0,"comment_status":"closed","ping_status":"closed","template":"","meta":{"ngg_post_thumbnail":0,"footnotes":""},"class_list":["post-126","page","type-page","status-publish","hentry"],"_links":{"self":[{"href":"https:\/\/kuhpension-schoenau.ch\/index.php\/wp-json\/wp\/v2\/pages\/126","targetHints":{"allow":["GET"]}}],"collection":[{"href":"https:\/\/kuhpension-schoenau.ch\/index.php\/wp-json\/wp\/v2\/pages"}],"about":[{"href":"https:\/\/kuhpension-schoenau.ch\/index.php\/wp-json\/wp\/v2\/types\/page"}],"author":[{"embeddable":true,"href":"https:\/\/kuhpension-schoenau.ch\/index.php\/wp-json\/wp\/v2\/users\/1"}],"replies":[{"embeddable":true,"href":"https:\/\/kuhpension-schoenau.ch\/index.php\/wp-json\/wp\/v2\/comments?post=126"}],"version-history":[{"count":5,"href":"https:\/\/kuhpension-schoenau.ch\/index.php\/wp-json\/wp\/v2\/pages\/126\/revisions"}],"predecessor-version":[{"id":218,"href":"https:\/\/kuhpension-schoenau.ch\/index.php\/wp-json\/wp\/v2\/pages\/126\/revisions\/218"}],"wp:attachment":[{"href":"https:\/\/kuhpension-schoenau.ch\/index.php\/wp-json\/wp\/v2\/media?parent=126"}],"curies":[{"name":"wp","href":"https:\/\/api.w.org\/{rel}","templated":true}]}}