{"id":120,"date":"2023-10-08T13:47:40","date_gmt":"2023-10-08T13:47:40","guid":{"rendered":"https:\/\/kuhpension-schoenau.ch\/?page_id=120"},"modified":"2023-10-08T15:21:30","modified_gmt":"2023-10-08T15:21:30","slug":"haftpflichtversicherung","status":"publish","type":"page","link":"https:\/\/kuhpension-schoenau.ch\/index.php\/haftpflichtversicherung\/","title":{"rendered":"Haftpflichtvers."},"content":{"rendered":"<p>Unsere Pension f\u00fchrt eine zus\u00e4tzliche Haftpflichtversicherung f\u00fcr alle Tiere die auf dem Hof Leben und angemeldet sind und f\u00fcr die wir die Aufsichts- und Sorgfaltspflicht haben. Darin sind Ereignisse wie Sch\u00e4den an Drittpersonen und Sachsch\u00e4den, welche die Tiere verursachen, eingeschlossen. Die Kosten von SFR 5- pro Tier und Monat, werden den jeweiligen Tierbesitzerinnen \/ -besitzern zus\u00e4tzlich zu der monatlichen Pensionsgeb\u00fchr in Rechnung gestellt.<\/p>\n<p>Empfehlenswert und optional ist eine zus\u00e4tzliche Unfallversicherung. Jeder Tierbesitzerin und jedem Tierbesitzer ist es freigestellt eine solche f\u00fcr ihr Tier abzuschliessen. Die Versicherung deckt einen schweren Unfall mit Todesfolge. Eine solche Police bel\u00e4uft sich auf ca. SFR 300.- pro Jahr.<\/p>\n<p>&nbsp;<\/p>\n<p>&nbsp;<\/p>\n<p>&nbsp;<\/p>\n","protected":false},"excerpt":{"rendered":"<p>Unsere Pension f\u00fchrt eine zus\u00e4tzliche Haftpflichtversicherung f\u00fcr alle Tiere die auf dem Hof Leben und angemeldet sind und f\u00fcr die wir die Aufsichts- und Sorgfaltspflicht haben. Darin sind Ereignisse wie Sch\u00e4den an Drittpersonen und Sachsch\u00e4den, welche die Tiere verursachen, eingeschlossen. Die Kosten von SFR 5- pro Tier und Monat, werden den jeweiligen Tierbesitzerinnen \/ -besitzern &hellip; <\/p>\n<p class=\"link-more\"><a href=\"https:\/\/kuhpension-schoenau.ch\/index.php\/haftpflichtversicherung\/\" class=\"more-link\">Mehr <span class=\"screen-reader-text\">\u00fcber &#8222;Haftpflichtvers.&#8220; <\/span>Lesen<\/a><\/p>\n","protected":false},"author":1,"featured_media":0,"parent":0,"menu_order":0,"comment_status":"closed","ping_status":"closed","template":"","meta":{"ngg_post_thumbnail":0,"footnotes":""},"class_list":["post-120","page","type-page","status-publish","hentry"],"_links":{"self":[{"href":"https:\/\/kuhpension-schoenau.ch\/index.php\/wp-json\/wp\/v2\/pages\/120","targetHints":{"allow":["GET"]}}],"collection":[{"href":"https:\/\/kuhpension-schoenau.ch\/index.php\/wp-json\/wp\/v2\/pages"}],"about":[{"href":"https:\/\/kuhpension-schoenau.ch\/index.php\/wp-json\/wp\/v2\/types\/page"}],"author":[{"embeddable":true,"href":"https:\/\/kuhpension-schoenau.ch\/index.php\/wp-json\/wp\/v2\/users\/1"}],"replies":[{"embeddable":true,"href":"https:\/\/kuhpension-schoenau.ch\/index.php\/wp-json\/wp\/v2\/comments?post=120"}],"version-history":[{"count":6,"href":"https:\/\/kuhpension-schoenau.ch\/index.php\/wp-json\/wp\/v2\/pages\/120\/revisions"}],"predecessor-version":[{"id":214,"href":"https:\/\/kuhpension-schoenau.ch\/index.php\/wp-json\/wp\/v2\/pages\/120\/revisions\/214"}],"wp:attachment":[{"href":"https:\/\/kuhpension-schoenau.ch\/index.php\/wp-json\/wp\/v2\/media?parent=120"}],"curies":[{"name":"wp","href":"https:\/\/api.w.org\/{rel}","templated":true}]}}