{"id":118,"date":"2023-10-08T13:47:24","date_gmt":"2023-10-08T13:47:24","guid":{"rendered":"https:\/\/kuhpension-schoenau.ch\/?page_id=118"},"modified":"2023-10-08T14:50:24","modified_gmt":"2023-10-08T14:50:24","slug":"gesundheitsattest","status":"publish","type":"page","link":"https:\/\/kuhpension-schoenau.ch\/index.php\/gesundheitsattest\/","title":{"rendered":"Gesundheitsattest"},"content":{"rendered":"<p>Um das Risiko der \u00dcbertagung einer ansteckenden Krankheit und\/oder von Parasiten von einem neuen Tier auf die Herde zu minimieren sind folgende Untersuchungen am Tier notwendig und unerl\u00e4sslich:- Das Tier muss BVD getestet sein (Bovine-Virus-Diarrhoe)- Blutanalyse \u00fcber allg. relevante Organ- und Enzymwerte- Auskultation von Herz und Lunge (Abh\u00f6ren auf Auff\u00e4lligkeiten von Herz- \/ Lungenger\u00e4uschen)- Parasitologische Kotuntersuchung- Analyse Pansensaft (wenn von Tierarzt\/\u00e4rztin empfohlen)- Allg. \u00dcberpr\u00fcfung des k\u00f6rperlichen Zustandes &#8211; Bewegungsapparat, Z\u00e4hne, Euter, Blessuren, Gebrechen, Tr\u00e4chtigkeit &#8211; Speziell die Klauen sind auf die Zehenhautentz\u00fcndung \u201eMortellaro\u201c zu untersuchen.<\/p>\n<p>Die oben aufgef\u00fchrten Untersuchungen gelten ausschliesslich f\u00fcr Tiere die unmittelbar aus einem Nutztierbetrieb und\/oder von der Alp zu uns gebracht werden. Von diesen Massnahmen vorbehaltlich nicht betroffen sind Tiere, die von einem anderen Lebe- oder Pensionshof zu uns gebracht werden, allerdings empfiehlt es sich auch hier, sollte die letzte Untersuchung schon eine weile zur\u00fcckliegen sinnvollerweise eine durchzuf\u00fchren. Der Entscheid, wann ein Tier in die Herde integriert wird, liegt alleine beim verantwortlichen Vermieter.<\/p>\n<p>&nbsp;<\/p>\n<p>&nbsp;<\/p>\n<p>&nbsp;<\/p>\n","protected":false},"excerpt":{"rendered":"<p>Um das Risiko der \u00dcbertagung einer ansteckenden Krankheit und\/oder von Parasiten von einem neuen Tier auf die Herde zu minimieren sind folgende Untersuchungen am Tier notwendig und unerl\u00e4sslich:- Das Tier muss BVD getestet sein (Bovine-Virus-Diarrhoe)- Blutanalyse \u00fcber allg. relevante Organ- und Enzymwerte- Auskultation von Herz und Lunge (Abh\u00f6ren auf Auff\u00e4lligkeiten von Herz- \/ Lungenger\u00e4uschen)- Parasitologische &hellip; <\/p>\n<p class=\"link-more\"><a href=\"https:\/\/kuhpension-schoenau.ch\/index.php\/gesundheitsattest\/\" class=\"more-link\">Mehr <span class=\"screen-reader-text\">\u00fcber &#8222;Gesundheitsattest&#8220; <\/span>Lesen<\/a><\/p>\n","protected":false},"author":1,"featured_media":0,"parent":0,"menu_order":0,"comment_status":"closed","ping_status":"closed","template":"","meta":{"ngg_post_thumbnail":0,"footnotes":""},"class_list":["post-118","page","type-page","status-publish","hentry"],"_links":{"self":[{"href":"https:\/\/kuhpension-schoenau.ch\/index.php\/wp-json\/wp\/v2\/pages\/118","targetHints":{"allow":["GET"]}}],"collection":[{"href":"https:\/\/kuhpension-schoenau.ch\/index.php\/wp-json\/wp\/v2\/pages"}],"about":[{"href":"https:\/\/kuhpension-schoenau.ch\/index.php\/wp-json\/wp\/v2\/types\/page"}],"author":[{"embeddable":true,"href":"https:\/\/kuhpension-schoenau.ch\/index.php\/wp-json\/wp\/v2\/users\/1"}],"replies":[{"embeddable":true,"href":"https:\/\/kuhpension-schoenau.ch\/index.php\/wp-json\/wp\/v2\/comments?post=118"}],"version-history":[{"count":5,"href":"https:\/\/kuhpension-schoenau.ch\/index.php\/wp-json\/wp\/v2\/pages\/118\/revisions"}],"predecessor-version":[{"id":179,"href":"https:\/\/kuhpension-schoenau.ch\/index.php\/wp-json\/wp\/v2\/pages\/118\/revisions\/179"}],"wp:attachment":[{"href":"https:\/\/kuhpension-schoenau.ch\/index.php\/wp-json\/wp\/v2\/media?parent=118"}],"curies":[{"name":"wp","href":"https:\/\/api.w.org\/{rel}","templated":true}]}}